{"id":193,"date":"2024-12-03T12:56:25","date_gmt":"2024-12-03T12:56:25","guid":{"rendered":"https:\/\/jorgelozano.pt\/?page_id=193"},"modified":"2025-07-08T13:25:30","modified_gmt":"2025-07-08T13:25:30","slug":"contactos","status":"publish","type":"page","link":"https:\/\/jorgelozano.pt\/en\/contactos\/","title":{"rendered":"Contacts"},"content":{"rendered":"<p><strong style=\"color: rgb(0, 0, 0);\">Contacts<\/strong><\/p>\n\n\n\n\n\n<p><strong style=\"color: rgb(0, 0, 0);\">Main contacts<\/strong><\/p>\n\n\n\n\n\nJorge Lozano &#8211; Trabalhos em Altura, Lda.<br>\nComplexo CREL Bela Vista, Rua da Tascoa, N\u00ba16, Armaz\u00e9m 17, 2745-851 Queluz, Portugal<br>\ngeral@jorgelozano.pt<br>\n+351 214303267 (national landline network)<br>\n2\u00aa &#8211; 5\u00aa feira (9h-13h\/14h-18h); 6\u00aa feira (9h-13h\/14h-17h)<br>\n\n\n\n<p>Lorem Ipsum has been the industry&#8217;s standard dummy text ever since the 1500s.<\/p>\n\n\n\n\n\n\n\n<p><strong style=\"color: rgb(0, 0, 0);\">Team contacts<\/strong><\/p>\n\n\n\n\n<p>Lorem Ipsum has been the industry&#8217;s standard dummy text ever since the 1500s.<\/p>\n<h4>Jorge Lozano<\/h4>\n<h4>CEO<\/h4>\n\njorge.lozano@jorgelozano.pt\n+351 934273151 (rede m\u00f3vel nacional)\n\n\n\n\n<p>Lorem Ipsum has been the industry&#8217;s standard dummy text ever since the 1500s.<\/p>\n<h4>Helena Lozano<\/h4>\n<h4>Financial, HR, QMS<br><\/h4>\n\nhelena.lozano@jorgelozano.pt\n+351 214303267 (rede fixa nacional)\n\n\n\n\n<p>Lorem Ipsum has been the industry&#8217;s standard dummy text ever since the 1500s.<\/p>\n<h4>Jos\u00e9 Barum<\/h4>\n<h4>General-Manager<br><\/h4>\n\njose.barum@jorgelozano.pt\n+351 912832420 (rede m\u00f3vel nacional)\n\n\n\n\n\n\n<p>Lorem Ipsum has been the industry&#8217;s standard dummy text ever since the 1500s.<\/p>\n<h4>Carlos Nascimento<\/h4>\n<h4>Technical Responsible<br><\/h4>\n\ncarlos.nascimento@jorgelozano.pt\n+351 934309255 (rede m\u00f3vel nacional)\n\n\n\n\n<p>Lorem Ipsum has been the industry&#8217;s standard dummy text ever since the 1500s.<\/p>\n<h4>Rui Lopes<\/h4>\n<h4>Pedagogical Manager<br><\/h4>\n\nrui.lopes@jorgelozano.pt\n+351 214303267 (rede fixa nacional)\n\n\n\n\n<p>Lorem Ipsum has been the industry&#8217;s standard dummy text ever since the 1500s.<\/p>\n<h4>Antonio Baldon<\/h4>\n<h4>OSH, Certification Processes<br><\/h4>\n\nantonio.baldon@jorgelozano.pt\n+351 214303267 (rede fixa nacional)\n\n\n\n\n\n\n<p>Lorem Ipsum has been the industry&#8217;s standard dummy text ever since the 1500s.<\/p>\n<h4>Carlos Miranda<\/h4>\n<h4>Sales Technician<br><\/h4>\n\ncarlos.miranda@jorgelozano.pt\n+351 934636052 (rede m\u00f3vel nacional)\n\n\n\n\n<p>Lorem Ipsum has been the industry&#8217;s standard dummy text ever since the 1500s.<\/p>\n<h4>Jorge Campos<\/h4>\n<h4>Sales Technician<br><\/h4>\n\njorge.campos@jorgelozano.pt\n+351 934705918 (rede m\u00f3vel nacional)\n\n\n\n\n<p>Lorem Ipsum has been the industry&#8217;s standard dummy text ever since the 1500s.<\/p>\n<h4>Pedro Ferreira<\/h4>\n<h4>Sales Technician<br><\/h4>\n\npedro.ferreira@jorgelozano.pt\n+351 934276626 (rede m\u00f3vel nacional)\n\n\n\n\n\n\n<p>Lorem Ipsum has been the industry&#8217;s standard dummy text ever since the 1500s.<\/p>\n<h4>Jo\u00e3o Mendes<\/h4>\n<h4>Administrative Processes<br><\/h4>\n\njoao.mendes@jorgelozano.pt\n+351 214303267 (rede fixa nacional)\n\n\n\n<p>Lorem Ipsum has been the industry&#8217;s standard dummy text ever since the 1500s.<\/p>\n<h4>Jo\u00e3o Lozano<\/h4>\n<h4>Marketing<br><\/h4>\n\njoao.lozano@jorgelozano.pt\n+351 214303267 (rede fixa nacional)\n\n\n\n\n\n\n\n\n\n\n<p><strong style=\"color: rgb(0, 0, 0);\">Contact form<\/strong><\/p>\n\n\n<p>Contact us through this form. All data inserted here will only be used by our services to process your request and contact you, being never shared with third parties.<\/span><\/p>","protected":false},"excerpt":{"rendered":"","protected":false},"author":1,"featured_media":0,"parent":0,"menu_order":0,"comment_status":"closed","ping_status":"closed","template":"","meta":{"pagelayer_contact_templates":[],"_pagelayer_content":"","footnotes":""},"class_list":["post-193","page","type-page","status-publish","hentry"],"yoast_head":"<!-- This site is optimized with the Yoast SEO plugin v27.4 - https:\/\/yoast.com\/product\/yoast-seo-wordpress\/ -->\n<title>Contactos<\/title>\n<meta name=\"description\" content=\"Contactos gerais e da equipa da Jorge Lozano, Lda., empresa especializada em solu\u00e7\u00f5es para Trabalhos em Altura.\" \/>\n<meta name=\"robots\" content=\"index, follow, max-snippet:-1, max-image-preview:large, max-video-preview:-1\" \/>\n<link rel=\"canonical\" href=\"https:\/\/jorgelozano.pt\/en\/contactos\/\" \/>\n<meta property=\"og:locale\" content=\"en_GB\" \/>\n<meta property=\"og:type\" content=\"article\" \/>\n<meta property=\"og:title\" content=\"Contactos\" \/>\n<meta property=\"og:description\" content=\"Contactos gerais e da equipa da Jorge Lozano, Lda., empresa especializada em solu\u00e7\u00f5es para Trabalhos em Altura.\" \/>\n<meta property=\"og:url\" content=\"https:\/\/jorgelozano.pt\/en\/contactos\/\" \/>\n<meta property=\"og:site_name\" content=\"Jorge Lozano, Lda.\" \/>\n<meta property=\"article:publisher\" content=\"https:\/\/facebook.com\/jorgelozanolda\" \/>\n<meta property=\"article:modified_time\" content=\"2025-07-08T13:25:30+00:00\" \/>\n<meta name=\"twitter:card\" content=\"summary_large_image\" \/>\n<meta name=\"twitter:label1\" content=\"Estimated reading time\" \/>\n\t<meta name=\"twitter:data1\" content=\"2 minutes\" \/>\n<script type=\"application\/ld+json\" class=\"yoast-schema-graph\">{\"@context\":\"https:\\\/\\\/schema.org\",\"@graph\":[{\"@type\":\"WebPage\",\"@id\":\"https:\\\/\\\/jorgelozano.pt\\\/contactos\\\/\",\"url\":\"https:\\\/\\\/jorgelozano.pt\\\/contactos\\\/\",\"name\":\"Contactos\",\"isPartOf\":{\"@id\":\"https:\\\/\\\/jorgelozano.pt\\\/#website\"},\"datePublished\":\"2024-12-03T12:56:25+00:00\",\"dateModified\":\"2025-07-08T13:25:30+00:00\",\"description\":\"Contactos gerais e da equipa da Jorge Lozano, Lda., empresa especializada em solu\u00e7\u00f5es para Trabalhos em Altura.\",\"breadcrumb\":{\"@id\":\"https:\\\/\\\/jorgelozano.pt\\\/contactos\\\/#breadcrumb\"},\"inLanguage\":\"en-GB\",\"potentialAction\":[{\"@type\":\"ReadAction\",\"target\":[\"https:\\\/\\\/jorgelozano.pt\\\/contactos\\\/\"]}]},{\"@type\":\"BreadcrumbList\",\"@id\":\"https:\\\/\\\/jorgelozano.pt\\\/contactos\\\/#breadcrumb\",\"itemListElement\":[{\"@type\":\"ListItem\",\"position\":1,\"name\":\"In\u00edcio\",\"item\":\"https:\\\/\\\/jorgelozano.pt\\\/\"},{\"@type\":\"ListItem\",\"position\":2,\"name\":\"Contactos\"}]},{\"@type\":\"WebSite\",\"@id\":\"https:\\\/\\\/jorgelozano.pt\\\/#website\",\"url\":\"https:\\\/\\\/jorgelozano.pt\\\/\",\"name\":\"Jorge Lozano - Trabalhos em Altura, Lda.\",\"description\":\"Avalia\u00e7\u00e3o de Riscos \\\/ Venda de Equipamentos \\\/ Forma\u00e7\u00e3o de T\u00e9cnicos \\\/ Presta\u00e7\u00e3o de Servi\u00e7os\",\"publisher\":{\"@id\":\"https:\\\/\\\/jorgelozano.pt\\\/#organization\"},\"alternateName\":\"Jorge Lozano, Lda.\",\"potentialAction\":[{\"@type\":\"SearchAction\",\"target\":{\"@type\":\"EntryPoint\",\"urlTemplate\":\"https:\\\/\\\/jorgelozano.pt\\\/?s={search_term_string}\"},\"query-input\":{\"@type\":\"PropertyValueSpecification\",\"valueRequired\":true,\"valueName\":\"search_term_string\"}}],\"inLanguage\":\"en-GB\"},{\"@type\":\"Organization\",\"@id\":\"https:\\\/\\\/jorgelozano.pt\\\/#organization\",\"name\":\"Jorge Lozano - Trabalhos em Altura, Lda.\",\"alternateName\":\"Jorge Lozano, Lda.\",\"url\":\"https:\\\/\\\/jorgelozano.pt\\\/\",\"logo\":{\"@type\":\"ImageObject\",\"inLanguage\":\"en-GB\",\"@id\":\"https:\\\/\\\/jorgelozano.pt\\\/#\\\/schema\\\/logo\\\/image\\\/\",\"url\":\"https:\\\/\\\/jorgelozano.pt\\\/wp-content\\\/uploads\\\/2024\\\/12\\\/Bola-JL-Transparente.png\",\"contentUrl\":\"https:\\\/\\\/jorgelozano.pt\\\/wp-content\\\/uploads\\\/2024\\\/12\\\/Bola-JL-Transparente.png\",\"width\":681,\"height\":681,\"caption\":\"Jorge Lozano - Trabalhos em Altura, Lda.\"},\"image\":{\"@id\":\"https:\\\/\\\/jorgelozano.pt\\\/#\\\/schema\\\/logo\\\/image\\\/\"},\"sameAs\":[\"https:\\\/\\\/facebook.com\\\/jorgelozanolda\",\"https:\\\/\\\/instagram.com\\\/jorgelozanolda_official\",\"https:\\\/\\\/linkedin.com\\\/company\\\/jorgelozanolda\",\"https:\\\/\\\/youtube.com\\\/@jorgelozanolda\"]}]}<\/script>\n<!-- \/ Yoast SEO plugin. -->","yoast_head_json":{"title":"Contacts","description":"Contactos gerais e da equipa da Jorge Lozano, Lda., empresa especializada em solu\u00e7\u00f5es para Trabalhos em Altura.","robots":{"index":"index","follow":"follow","max-snippet":"max-snippet:-1","max-image-preview":"max-image-preview:large","max-video-preview":"max-video-preview:-1"},"canonical":"https:\/\/jorgelozano.pt\/en\/contactos\/","og_locale":"en_GB","og_type":"article","og_title":"Contactos","og_description":"Contactos gerais e da equipa da Jorge Lozano, Lda., empresa especializada em solu\u00e7\u00f5es para Trabalhos em Altura.","og_url":"https:\/\/jorgelozano.pt\/en\/contactos\/","og_site_name":"Jorge Lozano, Lda.","article_publisher":"https:\/\/facebook.com\/jorgelozanolda","article_modified_time":"2025-07-08T13:25:30+00:00","twitter_card":"summary_large_image","twitter_misc":{"Estimated reading time":"2 minutes"},"schema":{"@context":"https:\/\/schema.org","@graph":[{"@type":"WebPage","@id":"https:\/\/jorgelozano.pt\/contactos\/","url":"https:\/\/jorgelozano.pt\/contactos\/","name":"Contacts","isPartOf":{"@id":"https:\/\/jorgelozano.pt\/#website"},"datePublished":"2024-12-03T12:56:25+00:00","dateModified":"2025-07-08T13:25:30+00:00","description":"Contactos gerais e da equipa da Jorge Lozano, Lda., empresa especializada em solu\u00e7\u00f5es para Trabalhos em Altura.","breadcrumb":{"@id":"https:\/\/jorgelozano.pt\/contactos\/#breadcrumb"},"inLanguage":"en-GB","potentialAction":[{"@type":"ReadAction","target":["https:\/\/jorgelozano.pt\/contactos\/"]}]},{"@type":"BreadcrumbList","@id":"https:\/\/jorgelozano.pt\/contactos\/#breadcrumb","itemListElement":[{"@type":"ListItem","position":1,"name":"In\u00edcio","item":"https:\/\/jorgelozano.pt\/"},{"@type":"ListItem","position":2,"name":"Contactos"}]},{"@type":"WebSite","@id":"https:\/\/jorgelozano.pt\/#website","url":"https:\/\/jorgelozano.pt\/","name":"Jorge Lozano - Trabalhos em Altura, Lda.","description":"Avalia\u00e7\u00e3o de Riscos \/ Venda de Equipamentos \/ Forma\u00e7\u00e3o de T\u00e9cnicos \/ Presta\u00e7\u00e3o de Servi\u00e7os","publisher":{"@id":"https:\/\/jorgelozano.pt\/#organization"},"alternateName":"Jorge Lozano, Lda.","potentialAction":[{"@type":"SearchAction","target":{"@type":"EntryPoint","urlTemplate":"https:\/\/jorgelozano.pt\/?s={search_term_string}"},"query-input":{"@type":"PropertyValueSpecification","valueRequired":true,"valueName":"search_term_string"}}],"inLanguage":"en-GB"},{"@type":"Organization","@id":"https:\/\/jorgelozano.pt\/#organization","name":"Jorge Lozano - Trabalhos em Altura, Lda.","alternateName":"Jorge Lozano, Lda.","url":"https:\/\/jorgelozano.pt\/","logo":{"@type":"ImageObject","inLanguage":"en-GB","@id":"https:\/\/jorgelozano.pt\/#\/schema\/logo\/image\/","url":"https:\/\/jorgelozano.pt\/wp-content\/uploads\/2024\/12\/Bola-JL-Transparente.png","contentUrl":"https:\/\/jorgelozano.pt\/wp-content\/uploads\/2024\/12\/Bola-JL-Transparente.png","width":681,"height":681,"caption":"Jorge Lozano - Trabalhos em Altura, Lda."},"image":{"@id":"https:\/\/jorgelozano.pt\/#\/schema\/logo\/image\/"},"sameAs":["https:\/\/facebook.com\/jorgelozanolda","https:\/\/instagram.com\/jorgelozanolda_official","https:\/\/linkedin.com\/company\/jorgelozanolda","https:\/\/youtube.com\/@jorgelozanolda"]}]}},"_links":{"self":[{"href":"https:\/\/jorgelozano.pt\/en\/wp-json\/wp\/v2\/pages\/193","targetHints":{"allow":["GET"]}}],"collection":[{"href":"https:\/\/jorgelozano.pt\/en\/wp-json\/wp\/v2\/pages"}],"about":[{"href":"https:\/\/jorgelozano.pt\/en\/wp-json\/wp\/v2\/types\/page"}],"author":[{"embeddable":true,"href":"https:\/\/jorgelozano.pt\/en\/wp-json\/wp\/v2\/users\/1"}],"replies":[{"embeddable":true,"href":"https:\/\/jorgelozano.pt\/en\/wp-json\/wp\/v2\/comments?post=193"}],"version-history":[{"count":69,"href":"https:\/\/jorgelozano.pt\/en\/wp-json\/wp\/v2\/pages\/193\/revisions"}],"predecessor-version":[{"id":881,"href":"https:\/\/jorgelozano.pt\/en\/wp-json\/wp\/v2\/pages\/193\/revisions\/881"}],"wp:attachment":[{"href":"https:\/\/jorgelozano.pt\/en\/wp-json\/wp\/v2\/media?parent=193"}],"curies":[{"name":"wp","href":"https:\/\/api.w.org\/{rel}","templated":true}]}}