{"id":37,"date":"2024-11-29T22:20:10","date_gmt":"2024-11-29T22:20:10","guid":{"rendered":"https:\/\/jorgelozano.pt\/about-woodman\/"},"modified":"2025-11-04T10:00:15","modified_gmt":"2025-11-04T10:00:15","slug":"about","status":"publish","type":"page","link":"https:\/\/jorgelozano.pt\/en\/about\/","title":{"rendered":"About us"},"content":{"rendered":"\n\n\n\n\n\n\n\n<p><strong>Quem somos<\/strong><\/p>\n\n<p>Empresa fundada em 2005, e especialista nacional em Trabalhos em Altura.<\/p>\n\n\n<p>Oferecemos ao cliente uma solu\u00e7\u00e3o integrada 4.0, baseada na Avalia\u00e7\u00e3o de Riscos, Venda de Equipamentos, Forma\u00e7\u00e3o de T\u00e9cnicos, e Presta\u00e7\u00e3o de Servi\u00e7os.<\/p>\n\n\n<p>Comercializamos EPIs e EPCs para Trabalhos em Altura dos principais fabricantes Europeus, formamos e certificamos t\u00e9cnicos nas diversas vertentes desta atividade, e executamos servi\u00e7os como instala\u00e7\u00e3o e inspe\u00e7\u00e3o de equipamentos, reabilita\u00e7\u00e3o de fachadas e coberturas, limpeza de vidros, entre outros.<br><\/p>\n\n\n\n\n\n\n\n<p><strong>Segmentos de mercado<\/strong><\/p>\n\n\n\n\n\n\n<p>Venda de EPIs, forma\u00e7\u00e3o de t\u00e9cnicos, instala\u00e7\u00e3o de EPCs e outras solu\u00e7\u00f5es.<\/p>\n\n\n\n\n<p>Venda de EPIs, forma\u00e7\u00e3o de t\u00e9cnicos, instala\u00e7\u00e3o de EPCs e outras solu\u00e7\u00f5es.<\/p>\n\n\n\n\n<p>Venda de EPIs, forma\u00e7\u00e3o de t\u00e9cnicos, instala\u00e7\u00e3o de EPCs e servi\u00e7os de constru\u00e7\u00e3o e reabilita\u00e7\u00e3o.<\/p>\n\n\n\n\n\n\n<p>Venda de EPIs, forma\u00e7\u00e3o de t\u00e9cnicos, instala\u00e7\u00e3o de EPCs e outras solu\u00e7\u00f5es.<\/p>\n\n\n\n\n<p>Venda de EPIs, forma\u00e7\u00e3o de t\u00e9cnicos, instala\u00e7\u00e3o de EPCs e outras solu\u00e7\u00f5es.<\/p>\n\n\n\n\n<p>Venda de EPIs, forma\u00e7\u00e3o de t\u00e9cnicos,\u00a0 instala\u00e7\u00e3o de lonas publicit\u00e1rias e outras solu\u00e7\u00f5es.<\/p>\n\n\n\n\n\n\n<p>Venda de EPIs, forma\u00e7\u00e3o dos t\u00e9cnicos do setor da cultura, instala\u00e7\u00e3o de EPCs e outras solu\u00e7\u00f5es.<\/p>\n\n\n\n\n<p>Venda de EPIs, forma\u00e7\u00e3o das For\u00e7as Militares e instala\u00e7\u00e3o de EPCs.<\/p>\n\n\n\n\n<p>Venda de EPIs, forma\u00e7\u00e3o de t\u00e9cnicos e realiza\u00e7\u00e3o de poda de \u00e1rvores.<\/p>\n\n\n\n\n\n\n<p>Venda de EPIs, instala\u00e7\u00e3o de EPCs na ind\u00fastria naval e de redes para aquacultura.<\/p>\n\n\n\n\n\n\n\n\n\n\n\n\n<p><strong>Centro Nacional de Forma\u00e7\u00e3o<br><\/strong><\/p>\n\n\n\n\n\n\n\n\n\n<p>No dia 21 de Setembro de 2006, inaugur\u00e1mos o 1\u00ba Centro Nacional de Forma\u00e7\u00e3o (CNF) para T\u00e9cnicos de Trabalhos em Altura, em Queluz, Sintra, o qual tem sido a nossa sede desde ent\u00e3o. <\/p>\n\n\n<p>As nossas infraestruturas indoor e outdoor est\u00e3o em melhoria permanente, evoluindo ano ap\u00f3s ano fruto do nosso crescimento e com o intuito de satisfazer as diversas necessidades do mercado.<\/p>\n\n\n<p>Atualmente, o CNF est\u00e1 equipado com m\u00faltiplas torres, andaimes, escadas e coberturas, todos adaptados \u00e0s diversas vertentes dos Trabalhos em Altura, bem como 3 salas de forma\u00e7\u00e3o, bar, \u00e1reas de exposi\u00e7\u00e3o e inspe\u00e7\u00e3o de equipamentos, e ponto de venda.<br><\/p>\n\n\n\n\n\n\n\n\n<p><strong>Miss\u00e3o<\/strong><\/p>\n\n\n\n\n\n\n\nPrestar um servi\u00e7o com qualidade e rigor nas \u00e1reas comercial, t\u00e9cnica e \nde forma\u00e7\u00e3o profissional, bem como na presta\u00e7\u00e3o integral de servi\u00e7os na \n\u00e1rea de trabalhos em altura, cumprindo a legisla\u00e7\u00e3o aplic\u00e1vel.\n\n\n<br>Contribuir para o aumento das compet\u00eancias dos recursos humanos das organiza\u00e7\u00f5es criando solu\u00e7\u00f5es que eliminem ou reduzam os acidentes de trabalho relacionados com os trabalhos em altura.\n\n\n\n\n\n<p>Lorem Ipsum has been the industry&#8217;s standard dummy text ever since the 1500s.<\/p>\n\n\n\n\n\n\n\n\n<p><strong>Valores<br><\/strong><\/p>\n\n\n\n\n\n\n\n\u00c9tica profissional<br>\n\n\nRespeito pelos compromissos\n\n\nValoriza\u00e7\u00e3o dos colaboradores\n\n\nCapacidade de resposta\n\n\nQualidade no atendimento e na presta\u00e7\u00e3o de servi\u00e7os<br>\n\n\nDefesa da imagem e nome da Jorge Lozano, Lda.<br>\n\n\n\n\n\n<p>Lorem Ipsum has been the industry&#8217;s standard dummy text ever since the 1500s.<\/p>\n\n\n\n\n\n\n\n\n<p><strong>Estrat\u00e9gia<br><\/strong><\/p>\n\n\n\n\n\n\n\nOferecer aos clientes um servi\u00e7o de que todos nos orgulhemos\n\n\nCriar uma pol\u00edtica de crescimento nacional em seguran\u00e7a, na \u00e1rea dos Trabalhos em Altura\n\n\nContribuir para a redu\u00e7\u00e3o da sinistralidade laboral\n\n\nDotar os t\u00e9cnicos de compet\u00eancias para o desempenho de Trabalhos em Altura\n\n\nDisponibilizar recursos, meios e apoios adequados\n\n\nDesenvolver compet\u00eancias de relacionamento interpessoal\n\n\nMotivar e envolver todos os colaboradores para uma melhoria cont\u00ednua\n\n\nContribuir para o desenvolvimento permanente da sua \u00e1rea de especializa\u00e7\u00e3o\n\n\n\n\n\n<p>Lorem Ipsum has been the industry&#8217;s standard dummy text ever since the 1500s.<\/p>\n\n\n\n\n\n\n\n\n<p><strong>Qualidade<br><\/strong><\/p>\n\n\n\n<p [object NamedNodeMap]><strong>Certifica\u00e7\u00f5es<br><\/strong><\/p>\n\n\n\n\n<p>Lorem Ipsum has been the industry&#8217;s standard dummy text ever since the 1500s.<\/p>\n\n\n\n\n<p>Lorem Ipsum has been the industry&#8217;s standard dummy text ever since the 1500s.<\/p>\n\n\n\n\n<p>Lorem Ipsum has been the industry&#8217;s standard dummy text ever since the 1500s.<\/p>\n\n\n\n\n\n\n<p>Lorem Ipsum has been the industry&#8217;s standard dummy text ever since the 1500s.<\/p>\n\n\n\n\n<p>Lorem Ipsum has been the industry&#8217;s standard dummy text ever since the 1500s.<\/p>\n\n\n\n\n<p>Lorem Ipsum has been the industry&#8217;s standard dummy text ever since the 1500s.<\/p>\n\n\n\n\n\n\n<p><strong>Associa\u00e7\u00f5es e Parcerias<\/strong><\/p>\n\n\n\n<p>Lorem Ipsum has been the industry&#8217;s standard dummy text ever since the 1500s.<\/p>\n\n\n\n\n<p>Lorem Ipsum has been the industry&#8217;s standard dummy text ever since the 1500s.<\/p>\n\n\n\n\n<p>Lorem Ipsum has been the industry&#8217;s standard dummy text ever since the 1500s.<\/p>\n\n\n\n\n\n\n<p>Lorem Ipsum has been the industry&#8217;s standard dummy text ever since the 1500s.<\/p>\n\n\n\n\n<p>Lorem Ipsum has been the industry&#8217;s standard dummy text ever since the 1500s.<\/p>\n\n\n\n\n<p>Lorem Ipsum has been the industry&#8217;s standard dummy text ever since the 1500s.<\/p>\n\n\n\n\n\n\n<p>Lorem Ipsum has been the industry&#8217;s standard dummy text ever since the 1500s.<\/p>\n\n\n\n\n<p>Lorem Ipsum has been the industry&#8217;s standard dummy text ever since the 1500s.<\/p>\n\n\n\n\n<p>Lorem Ipsum has been the industry&#8217;s standard dummy text ever since the 1500s.<\/p>\n\n\n\n\n\n\n\n<p [object NamedNodeMap]><strong>C\u00f3digo de \u00c9tica<br><\/strong><\/p>\n\n\n<p>No exerc\u00edcio da sua atividade, todos os colaboradores da Jorge Lozano, Lda. devem ter sempre presente o elevado grau de responsabilidade que nela se encerra, o dever \u00e9tico de exercer essa atividade com a maior dilig\u00eancia, zelo e compet\u00eancia, e devem contribuir para a realiza\u00e7\u00e3o dos objectivos da organiza\u00e7\u00e3o.<\/p>\n\n\n<p>Consulte aqui a Pol\u00edtica da Gest\u00e3o da Jorge Lozano, Lda., na qual se encontra presente a nossa Miss\u00e3o, Valores e Estrat\u00e9gia.<\/p>\n\n\n\n\n\n\n<p [object NamedNodeMap]><strong>Organograma<br><\/strong><\/p>\n\n\n<p>Lorem Ipsum has been the industry&#8217;s standard dummy text ever since the 1500s.<\/p>\n\n\n\n\n\n\n\n\n<p><strong>O que dizem sobre n\u00f3s<br><\/strong><\/p>\n\n\n\n<p [object NamedNodeMap]><strong>Reportagens<br><\/strong><\/p>\n\n\n\n\n\n<br>\n\n\n\n\n<br>\n\n\n\n\n\n\n<br>\n\n\n\n\n\n\n\n\n\n<p [object NamedNodeMap]><strong>Avalia\u00e7\u00f5es<br><\/strong><\/p>\n\n\n\n\n&#8220;Uma grande empresa com fant\u00e1sticos profissionais especializados em todas as vertentes da \u00e1rea.&#8221;\n\n\n&#8220;Compet\u00eancia, profissionalismo, e as mudan\u00e7as que vemos nas instala\u00e7\u00f5es ano ap\u00f3s ano com investimento para podermos ter sempre as melhores condi\u00e7\u00f5es na nossa forma\u00e7\u00e3o.&#8221;\n\n\n&#8220;Parab\u00e9ns Jorge Lozano e toda sua equipa pela maneira como nos recebeu no evento Open Day. Voc\u00eas s\u00e3o de um profissionalismo e compet\u00eancia excelente, obrigado.&#8221;\n\n\n&#8220;Excel\u00eancia nos processos e requisitos para os trabalhos em altura.&#8221;\n\n\n&#8220;Very good and kind people. They are professionals in their field.&#8221;\n\n\n&#8220;Compet\u00eancia e profissionalismo!&#8221;\n\n\n\n\n\n","protected":false},"excerpt":{"rendered":"","protected":false},"author":1,"featured_media":0,"parent":0,"menu_order":0,"comment_status":"closed","ping_status":"closed","template":"","meta":{"pagelayer_contact_templates":[],"_pagelayer_content":"","footnotes":""},"class_list":["post-37","page","type-page","status-publish","hentry"],"yoast_head":"<!-- This site is optimized with the Yoast SEO plugin v27.4 - https:\/\/yoast.com\/product\/yoast-seo-wordpress\/ -->\n<title>A nossa empresa<\/title>\n<meta name=\"description\" content=\"Certifica\u00e7\u00e3o DGERT, APCER, IAPMEI e Bureau Veritas (GWO), Membro e Centro de Forma\u00e7\u00e3o aprovado pela IPAF, e reconhecimento do IEP.\" \/>\n<meta name=\"robots\" content=\"index, follow, max-snippet:-1, max-image-preview:large, max-video-preview:-1\" \/>\n<link rel=\"canonical\" href=\"https:\/\/jorgelozano.pt\/en\/about\/\" \/>\n<meta property=\"og:locale\" content=\"en_GB\" \/>\n<meta property=\"og:type\" content=\"article\" \/>\n<meta property=\"og:title\" content=\"A nossa empresa\" \/>\n<meta property=\"og:description\" content=\"Certifica\u00e7\u00e3o DGERT, APCER, IAPMEI e Bureau Veritas (GWO), Membro e Centro de Forma\u00e7\u00e3o aprovado pela IPAF, e reconhecimento do IEP.\" \/>\n<meta property=\"og:url\" content=\"https:\/\/jorgelozano.pt\/en\/about\/\" \/>\n<meta property=\"og:site_name\" content=\"Jorge Lozano, Lda.\" \/>\n<meta property=\"article:publisher\" content=\"https:\/\/facebook.com\/jorgelozanolda\" \/>\n<meta property=\"article:modified_time\" content=\"2025-11-04T10:00:15+00:00\" \/>\n<meta name=\"twitter:card\" content=\"summary_large_image\" \/>\n<meta name=\"twitter:label1\" content=\"Estimated reading time\" \/>\n\t<meta name=\"twitter:data1\" content=\"5 minutes\" \/>\n<script type=\"application\/ld+json\" class=\"yoast-schema-graph\">{\"@context\":\"https:\\\/\\\/schema.org\",\"@graph\":[{\"@type\":\"WebPage\",\"@id\":\"https:\\\/\\\/jorgelozano.pt\\\/about\\\/\",\"url\":\"https:\\\/\\\/jorgelozano.pt\\\/about\\\/\",\"name\":\"A nossa empresa\",\"isPartOf\":{\"@id\":\"https:\\\/\\\/jorgelozano.pt\\\/#website\"},\"datePublished\":\"2024-11-29T22:20:10+00:00\",\"dateModified\":\"2025-11-04T10:00:15+00:00\",\"description\":\"Certifica\u00e7\u00e3o DGERT, APCER, IAPMEI e Bureau Veritas (GWO), Membro e Centro de Forma\u00e7\u00e3o aprovado pela IPAF, e reconhecimento do IEP.\",\"breadcrumb\":{\"@id\":\"https:\\\/\\\/jorgelozano.pt\\\/about\\\/#breadcrumb\"},\"inLanguage\":\"en-GB\",\"potentialAction\":[{\"@type\":\"ReadAction\",\"target\":[\"https:\\\/\\\/jorgelozano.pt\\\/about\\\/\"]}]},{\"@type\":\"BreadcrumbList\",\"@id\":\"https:\\\/\\\/jorgelozano.pt\\\/about\\\/#breadcrumb\",\"itemListElement\":[{\"@type\":\"ListItem\",\"position\":1,\"name\":\"In\u00edcio\",\"item\":\"https:\\\/\\\/jorgelozano.pt\\\/\"},{\"@type\":\"ListItem\",\"position\":2,\"name\":\"Quem Somos\"}]},{\"@type\":\"WebSite\",\"@id\":\"https:\\\/\\\/jorgelozano.pt\\\/#website\",\"url\":\"https:\\\/\\\/jorgelozano.pt\\\/\",\"name\":\"Jorge Lozano - Trabalhos em Altura, Lda.\",\"description\":\"Avalia\u00e7\u00e3o de Riscos \\\/ Venda de Equipamentos \\\/ Forma\u00e7\u00e3o de T\u00e9cnicos \\\/ Presta\u00e7\u00e3o de Servi\u00e7os\",\"publisher\":{\"@id\":\"https:\\\/\\\/jorgelozano.pt\\\/#organization\"},\"alternateName\":\"Jorge Lozano, Lda.\",\"potentialAction\":[{\"@type\":\"SearchAction\",\"target\":{\"@type\":\"EntryPoint\",\"urlTemplate\":\"https:\\\/\\\/jorgelozano.pt\\\/?s={search_term_string}\"},\"query-input\":{\"@type\":\"PropertyValueSpecification\",\"valueRequired\":true,\"valueName\":\"search_term_string\"}}],\"inLanguage\":\"en-GB\"},{\"@type\":\"Organization\",\"@id\":\"https:\\\/\\\/jorgelozano.pt\\\/#organization\",\"name\":\"Jorge Lozano - Trabalhos em Altura, Lda.\",\"alternateName\":\"Jorge Lozano, Lda.\",\"url\":\"https:\\\/\\\/jorgelozano.pt\\\/\",\"logo\":{\"@type\":\"ImageObject\",\"inLanguage\":\"en-GB\",\"@id\":\"https:\\\/\\\/jorgelozano.pt\\\/#\\\/schema\\\/logo\\\/image\\\/\",\"url\":\"https:\\\/\\\/jorgelozano.pt\\\/wp-content\\\/uploads\\\/2024\\\/12\\\/Bola-JL-Transparente.png\",\"contentUrl\":\"https:\\\/\\\/jorgelozano.pt\\\/wp-content\\\/uploads\\\/2024\\\/12\\\/Bola-JL-Transparente.png\",\"width\":681,\"height\":681,\"caption\":\"Jorge Lozano - Trabalhos em Altura, Lda.\"},\"image\":{\"@id\":\"https:\\\/\\\/jorgelozano.pt\\\/#\\\/schema\\\/logo\\\/image\\\/\"},\"sameAs\":[\"https:\\\/\\\/facebook.com\\\/jorgelozanolda\",\"https:\\\/\\\/instagram.com\\\/jorgelozanolda_official\",\"https:\\\/\\\/linkedin.com\\\/company\\\/jorgelozanolda\",\"https:\\\/\\\/youtube.com\\\/@jorgelozanolda\"]}]}<\/script>\n<!-- \/ Yoast SEO plugin. -->","yoast_head_json":{"title":"A nossa empresa","description":"Certifica\u00e7\u00e3o DGERT, APCER, IAPMEI e Bureau Veritas (GWO), Membro e Centro de Forma\u00e7\u00e3o aprovado pela IPAF, e reconhecimento do IEP.","robots":{"index":"index","follow":"follow","max-snippet":"max-snippet:-1","max-image-preview":"max-image-preview:large","max-video-preview":"max-video-preview:-1"},"canonical":"https:\/\/jorgelozano.pt\/en\/about\/","og_locale":"en_GB","og_type":"article","og_title":"A nossa empresa","og_description":"Certifica\u00e7\u00e3o DGERT, APCER, IAPMEI e Bureau Veritas (GWO), Membro e Centro de Forma\u00e7\u00e3o aprovado pela IPAF, e reconhecimento do IEP.","og_url":"https:\/\/jorgelozano.pt\/en\/about\/","og_site_name":"Jorge Lozano, Lda.","article_publisher":"https:\/\/facebook.com\/jorgelozanolda","article_modified_time":"2025-11-04T10:00:15+00:00","twitter_card":"summary_large_image","twitter_misc":{"Estimated reading time":"5 minutes"},"schema":{"@context":"https:\/\/schema.org","@graph":[{"@type":"WebPage","@id":"https:\/\/jorgelozano.pt\/about\/","url":"https:\/\/jorgelozano.pt\/about\/","name":"A nossa empresa","isPartOf":{"@id":"https:\/\/jorgelozano.pt\/#website"},"datePublished":"2024-11-29T22:20:10+00:00","dateModified":"2025-11-04T10:00:15+00:00","description":"Certifica\u00e7\u00e3o DGERT, APCER, IAPMEI e Bureau Veritas (GWO), Membro e Centro de Forma\u00e7\u00e3o aprovado pela IPAF, e reconhecimento do IEP.","breadcrumb":{"@id":"https:\/\/jorgelozano.pt\/about\/#breadcrumb"},"inLanguage":"en-GB","potentialAction":[{"@type":"ReadAction","target":["https:\/\/jorgelozano.pt\/about\/"]}]},{"@type":"BreadcrumbList","@id":"https:\/\/jorgelozano.pt\/about\/#breadcrumb","itemListElement":[{"@type":"ListItem","position":1,"name":"In\u00edcio","item":"https:\/\/jorgelozano.pt\/"},{"@type":"ListItem","position":2,"name":"Quem Somos"}]},{"@type":"WebSite","@id":"https:\/\/jorgelozano.pt\/#website","url":"https:\/\/jorgelozano.pt\/","name":"Jorge Lozano - Trabalhos em Altura, Lda.","description":"Avalia\u00e7\u00e3o de Riscos \/ Venda de Equipamentos \/ Forma\u00e7\u00e3o de T\u00e9cnicos \/ Presta\u00e7\u00e3o de Servi\u00e7os","publisher":{"@id":"https:\/\/jorgelozano.pt\/#organization"},"alternateName":"Jorge Lozano, Lda.","potentialAction":[{"@type":"SearchAction","target":{"@type":"EntryPoint","urlTemplate":"https:\/\/jorgelozano.pt\/?s={search_term_string}"},"query-input":{"@type":"PropertyValueSpecification","valueRequired":true,"valueName":"search_term_string"}}],"inLanguage":"en-GB"},{"@type":"Organization","@id":"https:\/\/jorgelozano.pt\/#organization","name":"Jorge Lozano - Trabalhos em Altura, Lda.","alternateName":"Jorge Lozano, Lda.","url":"https:\/\/jorgelozano.pt\/","logo":{"@type":"ImageObject","inLanguage":"en-GB","@id":"https:\/\/jorgelozano.pt\/#\/schema\/logo\/image\/","url":"https:\/\/jorgelozano.pt\/wp-content\/uploads\/2024\/12\/Bola-JL-Transparente.png","contentUrl":"https:\/\/jorgelozano.pt\/wp-content\/uploads\/2024\/12\/Bola-JL-Transparente.png","width":681,"height":681,"caption":"Jorge Lozano - Trabalhos em Altura, Lda."},"image":{"@id":"https:\/\/jorgelozano.pt\/#\/schema\/logo\/image\/"},"sameAs":["https:\/\/facebook.com\/jorgelozanolda","https:\/\/instagram.com\/jorgelozanolda_official","https:\/\/linkedin.com\/company\/jorgelozanolda","https:\/\/youtube.com\/@jorgelozanolda"]}]}},"_links":{"self":[{"href":"https:\/\/jorgelozano.pt\/en\/wp-json\/wp\/v2\/pages\/37","targetHints":{"allow":["GET"]}}],"collection":[{"href":"https:\/\/jorgelozano.pt\/en\/wp-json\/wp\/v2\/pages"}],"about":[{"href":"https:\/\/jorgelozano.pt\/en\/wp-json\/wp\/v2\/types\/page"}],"author":[{"embeddable":true,"href":"https:\/\/jorgelozano.pt\/en\/wp-json\/wp\/v2\/users\/1"}],"replies":[{"embeddable":true,"href":"https:\/\/jorgelozano.pt\/en\/wp-json\/wp\/v2\/comments?post=37"}],"version-history":[{"count":48,"href":"https:\/\/jorgelozano.pt\/en\/wp-json\/wp\/v2\/pages\/37\/revisions"}],"predecessor-version":[{"id":919,"href":"https:\/\/jorgelozano.pt\/en\/wp-json\/wp\/v2\/pages\/37\/revisions\/919"}],"wp:attachment":[{"href":"https:\/\/jorgelozano.pt\/en\/wp-json\/wp\/v2\/media?parent=37"}],"curies":[{"name":"wp","href":"https:\/\/api.w.org\/{rel}","templated":true}]}}