{"id":40,"date":"2024-11-29T22:20:10","date_gmt":"2024-11-29T22:20:10","guid":{"rendered":"https:\/\/jorgelozano.pt\/services\/"},"modified":"2025-02-14T17:20:53","modified_gmt":"2025-02-14T17:20:53","slug":"equipamentos","status":"publish","type":"page","link":"https:\/\/jorgelozano.pt\/en\/equipamentos\/","title":{"rendered":"Equipment"},"content":{"rendered":"<h2>PPE and CPE for Work at Heights<br><\/h2>\n<p>We sell Personal and Collective Protection Equipment for Work at Heights<\/p>\n\n\n\n\nEquipamentos de Prote\u00e7\u00e3o Individual e Coletiva para todas\u00a0as vertentes dos Trabalhos em Altura.\n\n\nEquipamentos fabricados pelas melhores marcas Europeias nesta atividade profissional.\n\n\nTodos os equipamentos est\u00e3o em conformidade com as principais normas Europeias.\n\n\n\n\n<p><strong style=\"color: rgb(0, 0, 0);\">Equipment list<br><\/strong><\/p>\n\n\n\n\n<br>\n\n\n\n\n\n<br>\n\n\n\n\n<br>\n\n\n<br>\n\n\n<br>\n\n\n\n\n<br>\n\n\n<br>\n\n\n<br>\n\n\n\n\n<br>\n\n\n<br>\n\n\n<br>\n\n\n\n\n<br>\n\n\n<br>\n\n\n<br>\n\n\n\n\n<br>\n\n\n<br>\n\n\n<br>\n\n\n\n\n<br>\n\n\n<br>\n\n\n\n\n\n\n\n\n\n\n\n\n\n<p><strong style=\"color: rgb(0, 0, 0);\">Brands sold<br><\/strong><\/p>\n\n\n\n\nEquipamentos de Prote\u00e7\u00e3o Individual\n\n\nEquipamentos de Prote\u00e7\u00e3o Individual\n\n\nEquipamentos de Prote\u00e7\u00e3o Individual\n\n\n\n\nEquipamentos de Prote\u00e7\u00e3o Individual\n\n\nEquipamentos de Prote\u00e7\u00e3o Individual\n\n\nCordas\n\n\n\n\nSistemas de Prote\u00e7\u00e3o Coletiva\n\n\nSistemas de Prote\u00e7\u00e3o Coletiva\n\n\nRedes de Seguran\u00e7a\n\n\n\n\nSistemas de Ascens\u00e3o","protected":false},"excerpt":{"rendered":"","protected":false},"author":1,"featured_media":0,"parent":0,"menu_order":0,"comment_status":"closed","ping_status":"closed","template":"","meta":{"pagelayer_contact_templates":[],"_pagelayer_content":"","footnotes":""},"class_list":["post-40","page","type-page","status-publish","hentry"],"yoast_head":"<!-- This site is optimized with the Yoast SEO plugin v27.4 - https:\/\/yoast.com\/product\/yoast-seo-wordpress\/ -->\n<title>EPI e EPC para Trabalhos em Altura<\/title>\n<meta name=\"description\" content=\"EPI e EPC para Trabalhos em Altura: arneses, capacetes, luvas, cordas, descensores, bloqueadores, linhas de vida, pontos de ancoragem.\" \/>\n<meta name=\"robots\" content=\"index, follow, max-snippet:-1, max-image-preview:large, max-video-preview:-1\" \/>\n<link rel=\"canonical\" href=\"https:\/\/jorgelozano.pt\/en\/equipamentos\/\" \/>\n<meta property=\"og:locale\" content=\"en_GB\" \/>\n<meta property=\"og:type\" content=\"article\" \/>\n<meta property=\"og:title\" content=\"EPI e EPC para Trabalhos em Altura\" \/>\n<meta property=\"og:description\" content=\"EPI e EPC para Trabalhos em Altura: arneses, capacetes, luvas, cordas, descensores, bloqueadores, linhas de vida, pontos de ancoragem.\" \/>\n<meta property=\"og:url\" content=\"https:\/\/jorgelozano.pt\/en\/equipamentos\/\" \/>\n<meta property=\"og:site_name\" content=\"Jorge Lozano, Lda.\" \/>\n<meta property=\"article:publisher\" content=\"https:\/\/facebook.com\/jorgelozanolda\" \/>\n<meta property=\"article:modified_time\" content=\"2025-02-14T17:20:53+00:00\" \/>\n<meta name=\"twitter:card\" content=\"summary_large_image\" \/>\n<meta name=\"twitter:label1\" content=\"Estimated reading time\" \/>\n\t<meta name=\"twitter:data1\" content=\"1 minute\" \/>\n<script type=\"application\/ld+json\" class=\"yoast-schema-graph\">{\"@context\":\"https:\\\/\\\/schema.org\",\"@graph\":[{\"@type\":\"WebPage\",\"@id\":\"https:\\\/\\\/jorgelozano.pt\\\/equipamentos\\\/\",\"url\":\"https:\\\/\\\/jorgelozano.pt\\\/equipamentos\\\/\",\"name\":\"EPI e EPC para Trabalhos em Altura\",\"isPartOf\":{\"@id\":\"https:\\\/\\\/jorgelozano.pt\\\/#website\"},\"datePublished\":\"2024-11-29T22:20:10+00:00\",\"dateModified\":\"2025-02-14T17:20:53+00:00\",\"description\":\"EPI e EPC para Trabalhos em Altura: arneses, capacetes, luvas, cordas, descensores, bloqueadores, linhas de vida, pontos de ancoragem.\",\"breadcrumb\":{\"@id\":\"https:\\\/\\\/jorgelozano.pt\\\/equipamentos\\\/#breadcrumb\"},\"inLanguage\":\"en-GB\",\"potentialAction\":[{\"@type\":\"ReadAction\",\"target\":[\"https:\\\/\\\/jorgelozano.pt\\\/equipamentos\\\/\"]}]},{\"@type\":\"BreadcrumbList\",\"@id\":\"https:\\\/\\\/jorgelozano.pt\\\/equipamentos\\\/#breadcrumb\",\"itemListElement\":[{\"@type\":\"ListItem\",\"position\":1,\"name\":\"In\u00edcio\",\"item\":\"https:\\\/\\\/jorgelozano.pt\\\/\"},{\"@type\":\"ListItem\",\"position\":2,\"name\":\"Equipamentos\"}]},{\"@type\":\"WebSite\",\"@id\":\"https:\\\/\\\/jorgelozano.pt\\\/#website\",\"url\":\"https:\\\/\\\/jorgelozano.pt\\\/\",\"name\":\"Jorge Lozano - Trabalhos em Altura, Lda.\",\"description\":\"Avalia\u00e7\u00e3o de Riscos \\\/ Venda de Equipamentos \\\/ Forma\u00e7\u00e3o de T\u00e9cnicos \\\/ Presta\u00e7\u00e3o de Servi\u00e7os\",\"publisher\":{\"@id\":\"https:\\\/\\\/jorgelozano.pt\\\/#organization\"},\"alternateName\":\"Jorge Lozano, Lda.\",\"potentialAction\":[{\"@type\":\"SearchAction\",\"target\":{\"@type\":\"EntryPoint\",\"urlTemplate\":\"https:\\\/\\\/jorgelozano.pt\\\/?s={search_term_string}\"},\"query-input\":{\"@type\":\"PropertyValueSpecification\",\"valueRequired\":true,\"valueName\":\"search_term_string\"}}],\"inLanguage\":\"en-GB\"},{\"@type\":\"Organization\",\"@id\":\"https:\\\/\\\/jorgelozano.pt\\\/#organization\",\"name\":\"Jorge Lozano - Trabalhos em Altura, Lda.\",\"alternateName\":\"Jorge Lozano, Lda.\",\"url\":\"https:\\\/\\\/jorgelozano.pt\\\/\",\"logo\":{\"@type\":\"ImageObject\",\"inLanguage\":\"en-GB\",\"@id\":\"https:\\\/\\\/jorgelozano.pt\\\/#\\\/schema\\\/logo\\\/image\\\/\",\"url\":\"https:\\\/\\\/jorgelozano.pt\\\/wp-content\\\/uploads\\\/2024\\\/12\\\/Bola-JL-Transparente.png\",\"contentUrl\":\"https:\\\/\\\/jorgelozano.pt\\\/wp-content\\\/uploads\\\/2024\\\/12\\\/Bola-JL-Transparente.png\",\"width\":681,\"height\":681,\"caption\":\"Jorge Lozano - Trabalhos em Altura, Lda.\"},\"image\":{\"@id\":\"https:\\\/\\\/jorgelozano.pt\\\/#\\\/schema\\\/logo\\\/image\\\/\"},\"sameAs\":[\"https:\\\/\\\/facebook.com\\\/jorgelozanolda\",\"https:\\\/\\\/instagram.com\\\/jorgelozanolda_official\",\"https:\\\/\\\/linkedin.com\\\/company\\\/jorgelozanolda\",\"https:\\\/\\\/youtube.com\\\/@jorgelozanolda\"]}]}<\/script>\n<!-- \/ Yoast SEO plugin. -->","yoast_head_json":{"title":"PPE and CPE for Work at Heights","description":"EPI e EPC para Trabalhos em Altura: arneses, capacetes, luvas, cordas, descensores, bloqueadores, linhas de vida, pontos de ancoragem.","robots":{"index":"index","follow":"follow","max-snippet":"max-snippet:-1","max-image-preview":"max-image-preview:large","max-video-preview":"max-video-preview:-1"},"canonical":"https:\/\/jorgelozano.pt\/en\/equipamentos\/","og_locale":"en_GB","og_type":"article","og_title":"EPI e EPC para Trabalhos em Altura","og_description":"EPI e EPC para Trabalhos em Altura: arneses, capacetes, luvas, cordas, descensores, bloqueadores, linhas de vida, pontos de ancoragem.","og_url":"https:\/\/jorgelozano.pt\/en\/equipamentos\/","og_site_name":"Jorge Lozano, Lda.","article_publisher":"https:\/\/facebook.com\/jorgelozanolda","article_modified_time":"2025-02-14T17:20:53+00:00","twitter_card":"summary_large_image","twitter_misc":{"Estimated reading time":"1 minute"},"schema":{"@context":"https:\/\/schema.org","@graph":[{"@type":"WebPage","@id":"https:\/\/jorgelozano.pt\/equipamentos\/","url":"https:\/\/jorgelozano.pt\/equipamentos\/","name":"PPE and CPE for Work at Heights","isPartOf":{"@id":"https:\/\/jorgelozano.pt\/#website"},"datePublished":"2024-11-29T22:20:10+00:00","dateModified":"2025-02-14T17:20:53+00:00","description":"EPI e EPC para Trabalhos em Altura: arneses, capacetes, luvas, cordas, descensores, bloqueadores, linhas de vida, pontos de ancoragem.","breadcrumb":{"@id":"https:\/\/jorgelozano.pt\/equipamentos\/#breadcrumb"},"inLanguage":"en-GB","potentialAction":[{"@type":"ReadAction","target":["https:\/\/jorgelozano.pt\/equipamentos\/"]}]},{"@type":"BreadcrumbList","@id":"https:\/\/jorgelozano.pt\/equipamentos\/#breadcrumb","itemListElement":[{"@type":"ListItem","position":1,"name":"In\u00edcio","item":"https:\/\/jorgelozano.pt\/"},{"@type":"ListItem","position":2,"name":"Equipamentos"}]},{"@type":"WebSite","@id":"https:\/\/jorgelozano.pt\/#website","url":"https:\/\/jorgelozano.pt\/","name":"Jorge Lozano - Trabalhos em Altura, Lda.","description":"Avalia\u00e7\u00e3o de Riscos \/ Venda de Equipamentos \/ Forma\u00e7\u00e3o de T\u00e9cnicos \/ Presta\u00e7\u00e3o de Servi\u00e7os","publisher":{"@id":"https:\/\/jorgelozano.pt\/#organization"},"alternateName":"Jorge Lozano, Lda.","potentialAction":[{"@type":"SearchAction","target":{"@type":"EntryPoint","urlTemplate":"https:\/\/jorgelozano.pt\/?s={search_term_string}"},"query-input":{"@type":"PropertyValueSpecification","valueRequired":true,"valueName":"search_term_string"}}],"inLanguage":"en-GB"},{"@type":"Organization","@id":"https:\/\/jorgelozano.pt\/#organization","name":"Jorge Lozano - Trabalhos em Altura, Lda.","alternateName":"Jorge Lozano, Lda.","url":"https:\/\/jorgelozano.pt\/","logo":{"@type":"ImageObject","inLanguage":"en-GB","@id":"https:\/\/jorgelozano.pt\/#\/schema\/logo\/image\/","url":"https:\/\/jorgelozano.pt\/wp-content\/uploads\/2024\/12\/Bola-JL-Transparente.png","contentUrl":"https:\/\/jorgelozano.pt\/wp-content\/uploads\/2024\/12\/Bola-JL-Transparente.png","width":681,"height":681,"caption":"Jorge Lozano - Trabalhos em Altura, Lda."},"image":{"@id":"https:\/\/jorgelozano.pt\/#\/schema\/logo\/image\/"},"sameAs":["https:\/\/facebook.com\/jorgelozanolda","https:\/\/instagram.com\/jorgelozanolda_official","https:\/\/linkedin.com\/company\/jorgelozanolda","https:\/\/youtube.com\/@jorgelozanolda"]}]}},"_links":{"self":[{"href":"https:\/\/jorgelozano.pt\/en\/wp-json\/wp\/v2\/pages\/40","targetHints":{"allow":["GET"]}}],"collection":[{"href":"https:\/\/jorgelozano.pt\/en\/wp-json\/wp\/v2\/pages"}],"about":[{"href":"https:\/\/jorgelozano.pt\/en\/wp-json\/wp\/v2\/types\/page"}],"author":[{"embeddable":true,"href":"https:\/\/jorgelozano.pt\/en\/wp-json\/wp\/v2\/users\/1"}],"replies":[{"embeddable":true,"href":"https:\/\/jorgelozano.pt\/en\/wp-json\/wp\/v2\/comments?post=40"}],"version-history":[{"count":27,"href":"https:\/\/jorgelozano.pt\/en\/wp-json\/wp\/v2\/pages\/40\/revisions"}],"predecessor-version":[{"id":767,"href":"https:\/\/jorgelozano.pt\/en\/wp-json\/wp\/v2\/pages\/40\/revisions\/767"}],"wp:attachment":[{"href":"https:\/\/jorgelozano.pt\/en\/wp-json\/wp\/v2\/media?parent=40"}],"curies":[{"name":"wp","href":"https:\/\/api.w.org\/{rel}","templated":true}]}}