{"id":893,"date":"2025-07-24T09:07:47","date_gmt":"2025-07-24T09:07:47","guid":{"rendered":"https:\/\/jorgelozano.pt\/?page_id=893"},"modified":"2025-07-24T09:12:20","modified_gmt":"2025-07-24T09:12:20","slug":"mita","status":"publish","type":"page","link":"https:\/\/jorgelozano.pt\/en\/mita\/","title":{"rendered":"MITA"},"content":{"rendered":"<p><strong style=\"color: rgb(0, 0, 0);\">Illustrated Manual of Work at Heights<\/strong><\/p>\n<p><strong style=\"color: rgb(0, 0, 0);\">To be launched soon in English<\/strong><\/p>\n\n\n\n\n\n\n<p>Lorem Ipsum has been the industry&#8217;s standard dummy text ever since the 1500s.<\/p>\n\n\n\n\n<p>This manual is a result of the combined effort of Jorge Lozano, Lda.'s team, in collaboration with Biografias por Encomenda.<\/p>\n\n<p>It is a digital manual conceived for a free and quick access from Work at Heights Technicians and Occupational Health and Safety Technicians, gathering information on the multiple aspects of Work at Heights, namely its definition, segments, equipment, training, services, and applied legislation and standards.<\/p>\n<p>Since all procedures, equipment, training, standards and legislation in this area are in constant update, the information contained in this manual falls within the state of the art at the time of its writing, and thus its digital format allows to perform further updates, when applicable.<\/p>","protected":false},"excerpt":{"rendered":"","protected":false},"author":1,"featured_media":0,"parent":0,"menu_order":0,"comment_status":"closed","ping_status":"closed","template":"","meta":{"pagelayer_contact_templates":[],"_pagelayer_content":"","footnotes":""},"class_list":["post-893","page","type-page","status-publish","hentry"],"yoast_head":"<!-- This site is optimized with the Yoast SEO plugin v27.4 - https:\/\/yoast.com\/product\/yoast-seo-wordpress\/ -->\n<title>MITA<\/title>\n<meta name=\"description\" content=\"Contactos gerais e da equipa da Jorge Lozano, Lda., empresa especializada em solu\u00e7\u00f5es para Trabalhos em Altura.\" \/>\n<meta name=\"robots\" content=\"index, follow, max-snippet:-1, max-image-preview:large, max-video-preview:-1\" \/>\n<link rel=\"canonical\" href=\"https:\/\/jorgelozano.pt\/en\/mita\/\" \/>\n<meta property=\"og:locale\" content=\"en_GB\" \/>\n<meta property=\"og:type\" content=\"article\" \/>\n<meta property=\"og:title\" content=\"MITA\" \/>\n<meta property=\"og:description\" content=\"Contactos gerais e da equipa da Jorge Lozano, Lda., empresa especializada em solu\u00e7\u00f5es para Trabalhos em Altura.\" \/>\n<meta property=\"og:url\" content=\"https:\/\/jorgelozano.pt\/en\/mita\/\" \/>\n<meta property=\"og:site_name\" content=\"Jorge Lozano, Lda.\" \/>\n<meta property=\"article:publisher\" content=\"https:\/\/facebook.com\/jorgelozanolda\" \/>\n<meta property=\"article:modified_time\" content=\"2025-07-24T09:12:20+00:00\" \/>\n<meta name=\"twitter:card\" content=\"summary_large_image\" \/>\n<meta name=\"twitter:label1\" content=\"Estimated reading time\" \/>\n\t<meta name=\"twitter:data1\" content=\"2 minutes\" \/>\n<script type=\"application\/ld+json\" class=\"yoast-schema-graph\">{\"@context\":\"https:\\\/\\\/schema.org\",\"@graph\":[{\"@type\":\"WebPage\",\"@id\":\"https:\\\/\\\/jorgelozano.pt\\\/mita\\\/\",\"url\":\"https:\\\/\\\/jorgelozano.pt\\\/mita\\\/\",\"name\":\"MITA\",\"isPartOf\":{\"@id\":\"https:\\\/\\\/jorgelozano.pt\\\/#website\"},\"datePublished\":\"2025-07-24T09:07:47+00:00\",\"dateModified\":\"2025-07-24T09:12:20+00:00\",\"description\":\"Contactos gerais e da equipa da Jorge Lozano, Lda., empresa especializada em solu\u00e7\u00f5es para Trabalhos em Altura.\",\"breadcrumb\":{\"@id\":\"https:\\\/\\\/jorgelozano.pt\\\/mita\\\/#breadcrumb\"},\"inLanguage\":\"en-GB\",\"potentialAction\":[{\"@type\":\"ReadAction\",\"target\":[\"https:\\\/\\\/jorgelozano.pt\\\/mita\\\/\"]}]},{\"@type\":\"BreadcrumbList\",\"@id\":\"https:\\\/\\\/jorgelozano.pt\\\/mita\\\/#breadcrumb\",\"itemListElement\":[{\"@type\":\"ListItem\",\"position\":1,\"name\":\"In\u00edcio\",\"item\":\"https:\\\/\\\/jorgelozano.pt\\\/\"},{\"@type\":\"ListItem\",\"position\":2,\"name\":\"MITA\"}]},{\"@type\":\"WebSite\",\"@id\":\"https:\\\/\\\/jorgelozano.pt\\\/#website\",\"url\":\"https:\\\/\\\/jorgelozano.pt\\\/\",\"name\":\"Jorge Lozano - Trabalhos em Altura, Lda.\",\"description\":\"Avalia\u00e7\u00e3o de Riscos \\\/ Venda de Equipamentos \\\/ Forma\u00e7\u00e3o de T\u00e9cnicos \\\/ Presta\u00e7\u00e3o de Servi\u00e7os\",\"publisher\":{\"@id\":\"https:\\\/\\\/jorgelozano.pt\\\/#organization\"},\"alternateName\":\"Jorge Lozano, Lda.\",\"potentialAction\":[{\"@type\":\"SearchAction\",\"target\":{\"@type\":\"EntryPoint\",\"urlTemplate\":\"https:\\\/\\\/jorgelozano.pt\\\/?s={search_term_string}\"},\"query-input\":{\"@type\":\"PropertyValueSpecification\",\"valueRequired\":true,\"valueName\":\"search_term_string\"}}],\"inLanguage\":\"en-GB\"},{\"@type\":\"Organization\",\"@id\":\"https:\\\/\\\/jorgelozano.pt\\\/#organization\",\"name\":\"Jorge Lozano - Trabalhos em Altura, Lda.\",\"alternateName\":\"Jorge Lozano, Lda.\",\"url\":\"https:\\\/\\\/jorgelozano.pt\\\/\",\"logo\":{\"@type\":\"ImageObject\",\"inLanguage\":\"en-GB\",\"@id\":\"https:\\\/\\\/jorgelozano.pt\\\/#\\\/schema\\\/logo\\\/image\\\/\",\"url\":\"https:\\\/\\\/jorgelozano.pt\\\/wp-content\\\/uploads\\\/2024\\\/12\\\/Bola-JL-Transparente.png\",\"contentUrl\":\"https:\\\/\\\/jorgelozano.pt\\\/wp-content\\\/uploads\\\/2024\\\/12\\\/Bola-JL-Transparente.png\",\"width\":681,\"height\":681,\"caption\":\"Jorge Lozano - Trabalhos em Altura, Lda.\"},\"image\":{\"@id\":\"https:\\\/\\\/jorgelozano.pt\\\/#\\\/schema\\\/logo\\\/image\\\/\"},\"sameAs\":[\"https:\\\/\\\/facebook.com\\\/jorgelozanolda\",\"https:\\\/\\\/instagram.com\\\/jorgelozanolda_official\",\"https:\\\/\\\/linkedin.com\\\/company\\\/jorgelozanolda\",\"https:\\\/\\\/youtube.com\\\/@jorgelozanolda\"]}]}<\/script>\n<!-- \/ Yoast SEO plugin. -->","yoast_head_json":{"title":"MITA","description":"Contactos gerais e da equipa da Jorge Lozano, Lda., empresa especializada em solu\u00e7\u00f5es para Trabalhos em Altura.","robots":{"index":"index","follow":"follow","max-snippet":"max-snippet:-1","max-image-preview":"max-image-preview:large","max-video-preview":"max-video-preview:-1"},"canonical":"https:\/\/jorgelozano.pt\/en\/mita\/","og_locale":"en_GB","og_type":"article","og_title":"MITA","og_description":"Contactos gerais e da equipa da Jorge Lozano, Lda., empresa especializada em solu\u00e7\u00f5es para Trabalhos em Altura.","og_url":"https:\/\/jorgelozano.pt\/en\/mita\/","og_site_name":"Jorge Lozano, Lda.","article_publisher":"https:\/\/facebook.com\/jorgelozanolda","article_modified_time":"2025-07-24T09:12:20+00:00","twitter_card":"summary_large_image","twitter_misc":{"Estimated reading time":"2 minutes"},"schema":{"@context":"https:\/\/schema.org","@graph":[{"@type":"WebPage","@id":"https:\/\/jorgelozano.pt\/mita\/","url":"https:\/\/jorgelozano.pt\/mita\/","name":"MITA","isPartOf":{"@id":"https:\/\/jorgelozano.pt\/#website"},"datePublished":"2025-07-24T09:07:47+00:00","dateModified":"2025-07-24T09:12:20+00:00","description":"Contactos gerais e da equipa da Jorge Lozano, Lda., empresa especializada em solu\u00e7\u00f5es para Trabalhos em Altura.","breadcrumb":{"@id":"https:\/\/jorgelozano.pt\/mita\/#breadcrumb"},"inLanguage":"en-GB","potentialAction":[{"@type":"ReadAction","target":["https:\/\/jorgelozano.pt\/mita\/"]}]},{"@type":"BreadcrumbList","@id":"https:\/\/jorgelozano.pt\/mita\/#breadcrumb","itemListElement":[{"@type":"ListItem","position":1,"name":"In\u00edcio","item":"https:\/\/jorgelozano.pt\/"},{"@type":"ListItem","position":2,"name":"MITA"}]},{"@type":"WebSite","@id":"https:\/\/jorgelozano.pt\/#website","url":"https:\/\/jorgelozano.pt\/","name":"Jorge Lozano - Trabalhos em Altura, Lda.","description":"Avalia\u00e7\u00e3o de Riscos \/ Venda de Equipamentos \/ Forma\u00e7\u00e3o de T\u00e9cnicos \/ Presta\u00e7\u00e3o de Servi\u00e7os","publisher":{"@id":"https:\/\/jorgelozano.pt\/#organization"},"alternateName":"Jorge Lozano, Lda.","potentialAction":[{"@type":"SearchAction","target":{"@type":"EntryPoint","urlTemplate":"https:\/\/jorgelozano.pt\/?s={search_term_string}"},"query-input":{"@type":"PropertyValueSpecification","valueRequired":true,"valueName":"search_term_string"}}],"inLanguage":"en-GB"},{"@type":"Organization","@id":"https:\/\/jorgelozano.pt\/#organization","name":"Jorge Lozano - Trabalhos em Altura, Lda.","alternateName":"Jorge Lozano, Lda.","url":"https:\/\/jorgelozano.pt\/","logo":{"@type":"ImageObject","inLanguage":"en-GB","@id":"https:\/\/jorgelozano.pt\/#\/schema\/logo\/image\/","url":"https:\/\/jorgelozano.pt\/wp-content\/uploads\/2024\/12\/Bola-JL-Transparente.png","contentUrl":"https:\/\/jorgelozano.pt\/wp-content\/uploads\/2024\/12\/Bola-JL-Transparente.png","width":681,"height":681,"caption":"Jorge Lozano - Trabalhos em Altura, Lda."},"image":{"@id":"https:\/\/jorgelozano.pt\/#\/schema\/logo\/image\/"},"sameAs":["https:\/\/facebook.com\/jorgelozanolda","https:\/\/instagram.com\/jorgelozanolda_official","https:\/\/linkedin.com\/company\/jorgelozanolda","https:\/\/youtube.com\/@jorgelozanolda"]}]}},"_links":{"self":[{"href":"https:\/\/jorgelozano.pt\/en\/wp-json\/wp\/v2\/pages\/893","targetHints":{"allow":["GET"]}}],"collection":[{"href":"https:\/\/jorgelozano.pt\/en\/wp-json\/wp\/v2\/pages"}],"about":[{"href":"https:\/\/jorgelozano.pt\/en\/wp-json\/wp\/v2\/types\/page"}],"author":[{"embeddable":true,"href":"https:\/\/jorgelozano.pt\/en\/wp-json\/wp\/v2\/users\/1"}],"replies":[{"embeddable":true,"href":"https:\/\/jorgelozano.pt\/en\/wp-json\/wp\/v2\/comments?post=893"}],"version-history":[{"count":2,"href":"https:\/\/jorgelozano.pt\/en\/wp-json\/wp\/v2\/pages\/893\/revisions"}],"predecessor-version":[{"id":896,"href":"https:\/\/jorgelozano.pt\/en\/wp-json\/wp\/v2\/pages\/893\/revisions\/896"}],"wp:attachment":[{"href":"https:\/\/jorgelozano.pt\/en\/wp-json\/wp\/v2\/media?parent=893"}],"curies":[{"name":"wp","href":"https:\/\/api.w.org\/{rel}","templated":true}]}}